{"id":34,"date":"2011-04-02T19:40:31","date_gmt":"2011-04-02T18:40:31","guid":{"rendered":"http:\/\/milla.peel.org\/?page_id=34"},"modified":"2011-12-02T09:03:45","modified_gmt":"2011-12-02T08:03:45","slug":"massagesagor","status":"publish","type":"page","link":"https:\/\/milla.peel.org\/?page_id=34","title":{"rendered":"Massagesagor"},"content":{"rendered":"<p><em> Jag har f\u00f6r m\u00e5nga \u00e5r sedan g\u00e5tt en barnmassage utbildning genom arbetet p\u00e5 f\u00f6rskolan. Nu har jag en son som har stora sv\u00e5righeter att koppla av om kv\u00e4llarna och jag har i och med det lyft fram mina massage kunskaper igen. Massagesagor hj\u00e4lper honom att koppla av och vi har ocks\u00e5 kul d\u00e5 vi hittar p\u00e5 m\u00e5nga sagor tillsammans bland annat den om Blixten Mc Queen.<\/em><\/p>\n<p><em><strong>K<\/strong><\/em><em><strong>ylark\u00f6ping<\/strong><\/em><\/p>\n<ul>\n<li><em>Hela handflatan formar solen som en rund cirkel.<\/em><\/li>\n<li><strong>Solen lyser \u00f6ver kylark\u00f6ping och v\u00e4rmer upp hela staden.<\/strong><\/li>\n<li><em>\u00c5k med handflatan som en serpentin \u00f6ver ryggen.<\/em><\/li>\n<li><strong>Blixten Mc Queen \u00e5ker genom Kylark\u00f6ping, han \u00e4r p\u00e5v\u00e4g till sin kompis Ramone.<\/strong><\/li>\n<li><em>M\u00e5la med handen som en pensel \u00f6ver ryggen.<\/em><\/li>\n<li><strong>Hej, Blixten. Nu ska jag lackera om dig i nya h\u00e4ftiga f\u00e4rger.<\/strong><\/li>\n<li><em>\u00c5k med handflatan som en serpentin \u00f6ver ryggen.<\/em><\/li>\n<li><strong>Blixten \u00e5ker nu\u00a0vidare genom Kylark\u00f6ping till Luigi och Guido.<\/strong><\/li>\n<li><em>Anv\u00e4nd knuten hand och ett l\u00e4tt tryck vid fyra punkter vid ryggen, som du bytte d\u00e4ck<\/em><strong>.<\/strong><\/li>\n<li><strong>Blixten Mc Queen, nu ska du f\u00e5 fyra nya d\u00e4ck med vita sidor av mig. De b\u00e4sta jag har, Guido hj\u00e4lp till h\u00e4r.<\/strong><\/li>\n<li><em>\u00c5k \u00f6ver ryggen med handflatan som en bil, \u00e5k fort, hoppa.<\/em><\/li>\n<li><strong>Blixten m\u00f6ter upp Sally, de \u00e5ker en l\u00e5ng v\u00e4g. De \u00e5ker fort och de hoppar men pl\u00f6tsligt h\u00e4nder n\u00e5got med Blixten.<\/strong><\/li>\n<li><em>\u00c5k med en skakande handflata \u00f6ver ryggen.<\/em><\/li>\n<li><strong>Hela bilen b\u00f6rja skaka, han hade g\u00e5tt s\u00f6nder. Blixten k\u00f6rde f\u00f6rsiktigt genom Kylark\u00f6ping till Doc.<\/strong><\/li>\n<li><em>Anv\u00e4nd fantasin och kreativiteten n\u00e4r Doc lagar Blixten. &#8221;Mecka&#8221;.<\/em><\/li>\n<li><strong>Doc tog emot Blixten och lagade honom.<\/strong><\/li>\n<li><em>\u00c5k med handen \u00f6ver ryggen.<\/em><\/li>\n<li><strong>Men, oj vad Blixten var smutsig. Han \u00e5kte genom staden till R\u00f6dis.<\/strong><\/li>\n<li><em>Duscha ryggen med fingertopparna.<\/em><\/li>\n<li><strong>R\u00f6dis duschade av Blixten.<\/strong><\/li>\n<li><em>Hela handflatan formar solen som en rund cirkel<\/em><strong>.<\/strong><\/li>\n<li><strong>Sen st\u00e4llde sig Blixten i solskenet och torkade.<\/strong><\/li>\n<\/ul>\n<p><strong> BJ\u00d6RNEN<\/strong><\/p>\n<ul>\n<li><em>M\u00e5la med handflatan en stor, rund sol.<\/em><\/li>\n<li><strong>Den stora gula solen lyser. Det blir varmt och sk\u00f6nt i skogen, dit vi ska idag.<\/strong><\/li>\n<li><em><span style=\"color: #000000;\">Bj\u00f6rnens tassar \u00e4r dina handflator som g\u00e5r omkring upp och ner.<\/span><\/em><\/li>\n<li><strong>En stor bj\u00f6rn kommer lufsande. Han g\u00e5r med sina stora tassar. Han g\u00e5r l\u00e5ngsamt idag. Bj\u00f6rnen \u00e4r tr\u00f6tt, han har nyss vaknat ur sin vinters\u00f6mn.<\/strong><\/li>\n<li><em><span style=\"color: #000000;\">Anv\u00e4nd hela handflatorna till harskutt.<\/span><\/em><\/li>\n<li><strong>Pl\u00f6tsligt blir en hare skr\u00e4md och d\u00e4r kommer en till.<\/strong><\/li>\n<li><em><span style=\"color: #000000;\">L\u00e4gg handen p\u00e5 kant och ringla som en orm upp i serpentiner.<\/span><\/em><\/li>\n<li><strong>Men bj\u00f6rnen lufsar lugnt vidare. En orm ringlar sig runt hans tassar. Fram och tillbaka. Men tror ni bj\u00f6rnen bryr sig? N\u00e4, inte idag. Han vandrar lugnt vidare.<\/strong><\/li>\n<li><em><span style=\"color: #000000;\">Bl\u00e5sten g\u00f6rs genom att stryka med fingertopparna fr\u00e5n sida till sida.<\/span><\/em><\/li>\n<li><strong>Han kommer fram till en \u00e4ng. Det b\u00f6rjar bl\u00e5sa. F\u00f6rst bara lite grann, men snart mer och mer.<\/strong><\/li>\n<li><em><span style=\"color: #000000;\">R\u00e5djuren trippar med hj\u00e4lp av fingertopparna nerifr\u00e5n och upp.<\/span><\/em><\/li>\n<li><strong>N\u00e5gra r\u00e5djur blir r\u00e4dda och trippar iv\u00e4g.<\/strong><\/li>\n<li><em><span style=\"color: #000000;\">Anv\u00e4nd hela handflatan i en cirklande r\u00f6relse d\u00e5 bj\u00f6rnen kurar i hop sig och v\u00e4rmen sprider sig.<\/span><\/em><\/li>\n<li><strong>Bj\u00f6rnen tycker att det \u00e4r s\u00e5 kallt s\u00e5 han g\u00e5r tillbaka in i skogen och l\u00e4gger sig bakom en sten. D\u00e4r kurar han ihop sig och snart sprider sig v\u00e4rmen i hans kropp. Det blr alldeles varmt och sk\u00f6nt igen. Och d\u00e4r l\u00e4mnar vi bj\u00f6rnen.<\/strong><\/li>\n<\/ul>\n<p>&nbsp;<\/p>\n<p><strong>HAVET<\/strong><\/p>\n<ul>\n<li><em>Hela handflatan formar solen som en rund cirkel.<\/em><\/li>\n<li><strong>Den stora gula solen skiner. D\u00e4r under ligger havet alldeles lugnt och stilla. Det glittrar s\u00e5 vackert i solens ljus. V\u00e4rmen fr\u00e5n solen sprider sig i vattnet.<\/strong><\/li>\n<li><em>Fiskarna som hoppar g\u00f6rs med handens kant, vilket \u00e4ven passar till \u00e5len och b\u00e5tarnas r\u00f6relse.<\/em><\/li>\n<li><strong>Pl\u00f6tsligt hoppar en fisk upp \u00f6ver ytan och ner igen, och d\u00e4r en till. Under vattnet simmar en \u00e5l omkring. Fram och tillbaka slingrar han sig.<\/strong><\/li>\n<li><em>L\u00e4gg hela handen p\u00e5 ryggen d\u00e5 du ska forma manetens r\u00f6relser och krama, lyft handen och upprepa.<\/em><\/li>\n<li><strong>Maneten simmar omkring p\u00e5 sitt lustiga vis. Han simmar upp till ytan, men han far strax ner i vattnet igen.<\/strong><\/li>\n<li><em>som fiskens r\u00f6relse<\/em><\/li>\n<li><strong>F\u00f6r p\u00e5 ytan kommer en b\u00e5t k\u00f6rande. Och en till fr\u00e5n andra h\u00e5llet.<\/strong><\/li>\n<li><em>D\u00e5 vattnet yr f\u00e5r du anv\u00e4nda din fantasi, men anv\u00e4nd dig g\u00e4rna av b\u00e5da och hela h\u00e4nderna.<\/em><\/li>\n<li><strong>Vattnet yr omkring. Det \u00e4r riktigt upproriskt. V\u00e5gorna skvalpar.<\/strong><\/li>\n<li><em>Krabban r\u00f6r sig med fingertopparnas hj\u00e4lp.<\/em><\/li>\n<li><strong>Nere p\u00e5 havets botten g\u00e5r en krabba omkring. Han m\u00e4rker ingenting av hur v\u00e5gorna yr d\u00e4ruppe.<\/strong><\/li>\n<li><em>Och det lugna och stilla formas med en stor cirklande r\u00f6relse.<\/em><\/li>\n<li><strong>Hos honom \u00e4r det n\u00e4mligen alldeles lugnt och stilla och varmt.<\/strong><\/li>\n<\/ul>\n<p><strong> SOMMAR LANDET<\/strong><\/p>\n<ul>\n<li><em>G\u00f6r stora strykningar \u00f6ver hela ryggen<\/em><\/li>\n<li><strong>Det var en g\u00e5ng ett sommarland d\u00e4r solen lyste varm och sk\u00f6n och v\u00e4rmde alla blommarna och tr\u00e4den, djuren och m\u00e4nniskorna.<\/strong><\/li>\n<li><em>Tryck med hela handflatan och vandra \u00f6ver ryggen.<\/em><\/li>\n<li><strong>En dag t\u00e4cktes himmlen av m\u00e5nga stora, tjocka moln. S\u00e5 stora var molnen att solen inte syntes mer.<\/strong><\/li>\n<li><em>L\u00e5t fingertopparna stryka fritt som vinden \u00f6ver ryggen.<\/em><\/li>\n<li><strong>Det b\u00f6rjade bl\u00e5sa. F\u00f6rst lite grann och sedan allt mer och mer. det bl\u00e5ste upp till h\u00f6ststorm. Tr\u00e4den vajade och bladen virvlade i vinden.<\/strong><\/li>\n<li><em>Trumma l\u00e4ttare och l\u00e5ngsammare med fingrarna p\u00e5 ryggen.<\/em><\/li>\n<li><strong>Det b\u00f6rjade regna. Regnet \u00f6ste ner. Det blev bl\u00f6tt och stora vattenpussar \u00f6verallt som barnen hoppade i.<\/strong><\/li>\n<li><em>Vandra med tv\u00e5 fingrar upp p\u00e5 ena sidan av ryggen till axeln. Upprepa p\u00e5 andra sidan, kl\u00e4ttra uppf\u00f6r ryggraden och nacken till huvudet. Cirkla med fingrarna i h\u00e5ret.<\/em><\/li>\n<li><strong>Det enda man kunde se var en liten kisse katt som kl\u00e4ttrade upp, och en till, och en till som satte sig och b\u00f6rjade spinna.<\/strong><\/li>\n<li><em>Stora strykningar \u00f6ver hela ryggen.<\/em><\/li>\n<li><strong>D\u00e4r satt de tills v\u00e5rsolen \u00e5ter kikade fram och v\u00e4rmde upp jorden en g\u00e5ng till.<\/strong><\/li>\n<\/ul>\n","protected":false},"excerpt":{"rendered":"<p>Jag har f\u00f6r m\u00e5nga \u00e5r sedan g\u00e5tt en barnmassage utbildning genom arbetet p\u00e5 f\u00f6rskolan. Nu har jag en son som har stora sv\u00e5righeter att koppla av om kv\u00e4llarna och jag har i och med det lyft fram mina massage kunskaper igen. Massagesagor hj\u00e4lper honom att koppla av och vi har ocks\u00e5 kul d\u00e5 vi hittar [&hellip;]<\/p>\n","protected":false},"author":1,"featured_media":0,"parent":0,"menu_order":0,"comment_status":"open","ping_status":"open","template":"","meta":[],"_links":{"self":[{"href":"https:\/\/milla.peel.org\/index.php?rest_route=\/wp\/v2\/pages\/34"}],"collection":[{"href":"https:\/\/milla.peel.org\/index.php?rest_route=\/wp\/v2\/pages"}],"about":[{"href":"https:\/\/milla.peel.org\/index.php?rest_route=\/wp\/v2\/types\/page"}],"author":[{"embeddable":true,"href":"https:\/\/milla.peel.org\/index.php?rest_route=\/wp\/v2\/users\/1"}],"replies":[{"embeddable":true,"href":"https:\/\/milla.peel.org\/index.php?rest_route=%2Fwp%2Fv2%2Fcomments&post=34"}],"version-history":[{"count":9,"href":"https:\/\/milla.peel.org\/index.php?rest_route=\/wp\/v2\/pages\/34\/revisions"}],"predecessor-version":[{"id":710,"href":"https:\/\/milla.peel.org\/index.php?rest_route=\/wp\/v2\/pages\/34\/revisions\/710"}],"wp:attachment":[{"href":"https:\/\/milla.peel.org\/index.php?rest_route=%2Fwp%2Fv2%2Fmedia&parent=34"}],"curies":[{"name":"wp","href":"https:\/\/api.w.org\/{rel}","templated":true}]}}